{"id":108,"date":"2015-06-30T18:45:31","date_gmt":"2015-06-30T16:45:31","guid":{"rendered":"http:\/\/hoyerswerda.vvn-bda.de\/?page_id=108"},"modified":"2023-04-11T12:37:51","modified_gmt":"2023-04-11T10:37:51","slug":"home","status":"publish","type":"page","link":"https:\/\/hoyerswerda.vvn-bda.de\/?page_id=108","title":{"rendered":"Unser Stadtverband"},"content":{"rendered":"<p>Gegr\u00fcndet hat sich unser Stadtverband im Jahr 1990. Wir, die Mitglieder des VVN- BdA Hoyerswerda f\u00fchlen uns dem Schwur von Buchenwald verpflichtet. Unser Stadtverband kann sich \u00fcber 32 Mitglieder unterschiedlichsten Alters freuen.<b><\/b><\/p>\n<p><b><span style=\"text-decoration: underline\">Im Mittelpunkt unserer Arbeit steht:<\/span><\/b><\/p>\n<ul>\n<li>Die Erinnerungsarbeit, verbunden mit der Gestaltung der Gedenktage<\/li>\n<li>Die st\u00e4ndige Aufkl\u00e4rung \u00fcber die Gr\u00e4ueltaten und Auswirkungen des Nationalsozialismus<\/li>\n<li>Die soziale Betreuung der Opfer des Nationalsozialismus und deren Hinterbliebenen<\/li>\n<li>Die aktive Auseinandersetzung mit rechtem Gedankengut und das Auftreten gegen jede Erscheinung von Ma\u00dfnahmen und Taten rechter Vereinigungen vor allem Rassismus<\/li>\n<\/ul>\n<p>Wir fordern das <b>Verbot der NPD<\/b> inbegriffen ist damit die Streichung aller staatlichen Mittel, die sie f\u00fcr ihre menschenverachtende politische Arbeit einsetzen k\u00f6nnen. Die progrom\u00e4hnlichen Ausschreitungungen in unserer Stadt von 1991 d\u00fcrfen nie wiederholen und in Vergessenheit geraten<\/p>\n<p><b><span style=\"text-decoration: underline\">Das Projekt \u201eWider das Vergessen\u201c<\/span><\/b><\/p>\n<p>F\u00fcr unsere Erinnerungsarbeit, riefen wir das Projekt \u201eWider das Vergessen\u201c ins Leben. Dieses wird gemeinsam der <span style=\"color: #3366ff\"><a href=\"http:\/\/raa-hoyerswerda.de\/\" target=\"_blank\" rel=\"noopener\"><span style=\"color: #3366ff\">RAA Hoyerswerda,<\/span><\/a><\/span> &nbsp;und der <a href=\"http:\/\/www.hoyerswerda.de\/\" target=\"_blank\" rel=\"noopener\"><span style=\"color: #3366ff\">Stadt<\/span> <\/a>seit 27 Jahren, j\u00e4hrlich durchgef\u00fchrt. In diesem Projekt sind zum Beispiel unter anderem verankert:<\/p>\n<ol start=\"1\">\n<li>&nbsp;dem j\u00e4hrlich wechselndem Projektmotto angepasste Veranstaltungen\/Vortr\u00e4ge\/Lesungen<\/li>\n<li>ein Zeitzeugenprojekttag an dem unsere Zeitzeugen in den Schulen von ihren Erlebnissen zur Zeit des Nationalsozialismus berichten<\/li>\n<\/ol>\n<p>Dabei finden aber auch Erlebnisse im Gulag der Sowjetunion zur Zeit des zweiten Weltkrieges und danach eine besondere Ber\u00fccksichtigung.<\/p>\n<p style=\"text-align: center\">\n<p style=\"text-align: center\"><strong>Weiter<\/strong> unter <a title=\"Artikel\" href=\"http:\/\/hoyerswerda.vvn-bda.de\/?cat=1\"><strong>Artikel<\/strong><\/a><\/p>\n","protected":false},"excerpt":{"rendered":"<p>Gegr\u00fcndet hat sich unser Stadtverband im Jahr 1990. Wir, die Mitglieder des VVN- BdA Hoyerswerda f\u00fchlen uns dem Schwur von Buchenwald verpflichtet. Unser Stadtverband kann sich \u00fcber 32 Mitglieder unterschiedlichsten Alters freuen.<br \/>\nIm Mittelpunkt unserer Arbeit steht:<\/p>\n<p>Die Erinnerungsarbeit, verbunden mit der Gestaltung der Gedenktage<br \/>\nDie st\u00e4ndige Aufkl\u00e4rung \u00fcber die Gr\u00e4ueltaten und Auswirkungen des Nationalsozialismus<br \/>\nDie soziale Betreuung der &#8230;<\/p>\n","protected":false},"author":21,"featured_media":0,"parent":0,"menu_order":0,"comment_status":"open","ping_status":"open","template":"","meta":{"_acf_changed":false,"footnotes":""},"class_list":["post-108","page","type-page","status-publish","hentry"],"acf":[],"_links":{"self":[{"href":"https:\/\/hoyerswerda.vvn-bda.de\/index.php?rest_route=\/wp\/v2\/pages\/108","targetHints":{"allow":["GET"]}}],"collection":[{"href":"https:\/\/hoyerswerda.vvn-bda.de\/index.php?rest_route=\/wp\/v2\/pages"}],"about":[{"href":"https:\/\/hoyerswerda.vvn-bda.de\/index.php?rest_route=\/wp\/v2\/types\/page"}],"author":[{"embeddable":true,"href":"https:\/\/hoyerswerda.vvn-bda.de\/index.php?rest_route=\/wp\/v2\/users\/21"}],"replies":[{"embeddable":true,"href":"https:\/\/hoyerswerda.vvn-bda.de\/index.php?rest_route=%2Fwp%2Fv2%2Fcomments&post=108"}],"version-history":[{"count":15,"href":"https:\/\/hoyerswerda.vvn-bda.de\/index.php?rest_route=\/wp\/v2\/pages\/108\/revisions"}],"predecessor-version":[{"id":1018,"href":"https:\/\/hoyerswerda.vvn-bda.de\/index.php?rest_route=\/wp\/v2\/pages\/108\/revisions\/1018"}],"wp:attachment":[{"href":"https:\/\/hoyerswerda.vvn-bda.de\/index.php?rest_route=%2Fwp%2Fv2%2Fmedia&parent=108"}],"curies":[{"name":"wp","href":"https:\/\/api.w.org\/{rel}","templated":true}]}}