{"id":120,"date":"2015-06-30T19:07:49","date_gmt":"2015-06-30T17:07:49","guid":{"rendered":"http:\/\/hoyerswerda.vvn-bda.de\/?page_id=120"},"modified":"2024-11-13T17:05:28","modified_gmt":"2024-11-13T15:05:28","slug":"termine","status":"publish","type":"page","link":"https:\/\/hoyerswerda.vvn-bda.de\/?page_id=120","title":{"rendered":"Termine"},"content":{"rendered":"\n<div class=\"wp-block-columns is-layout-flex wp-container-core-columns-is-layout-9d6595d7 wp-block-columns-is-layout-flex\">\n<div class=\"wp-block-column is-layout-flow wp-block-column-is-layout-flow\"><\/div>\n\n\n\n<div class=\"wp-block-column is-layout-flow wp-block-column-is-layout-flow\"><\/div>\n<\/div>\n\n\n\n<p class=\"has-small-font-size\"><\/p>\n\n\n\n<figure class=\"wp-block-table alignleft is-style-stripes\" style=\"font-size:12px\"><table class=\"has-fixed-layout\"><tbody><tr><td class=\"has-text-align-center\" data-align=\"center\"><strong>Wann<\/strong><\/td><td class=\"has-text-align-center\" data-align=\"center\"><strong>Was<\/strong><\/td><td><strong>Wo<\/strong><\/td><\/tr><tr><td class=\"has-text-align-center\" data-align=\"center\">17.11.2024<\/td><td class=\"has-text-align-center\" data-align=\"center\">Volkstrauertag, Gedenken an die Opfer von Kriegen und Diktaturen, Beginn 10:30 Uhr<\/td><td>Ehrenhain Hoyerswerda<\/td><\/tr><tr><td class=\"has-text-align-center\" data-align=\"center\">09.11.2024<\/td><td class=\"has-text-align-center\" data-align=\"center\">Gedenken an die Reichsprogromnacht<\/td><td><\/td><\/tr><tr><td class=\"has-text-align-center\" data-align=\"center\">31.08.2024<\/td><td class=\"has-text-align-center\" data-align=\"center\">Weltfriedenstag Kamenz Markt Friedenskundgebung\/<br>Friedensfest <br>(organisiert von den Linken, Vereinen und Verb\u00e4nden)<\/td><td><\/td><\/tr><tr><td class=\"has-text-align-center\" data-align=\"center\">08.05.2024<br>13:00 Uhr<\/td><td class=\"has-text-align-center\" data-align=\"center\">Gedenken anl\u00e4sslich der Befreiung Europas vom Faschismus 1945 und Ende des 2. Weltkrieges<\/td><td>Ehrenhain Hoyerswerda<\/td><\/tr><tr><td class=\"has-text-align-center\" data-align=\"center\">08.05.2024<\/td><td class=\"has-text-align-center\" data-align=\"center\">Gedenken der Stadt Kamenz bzw. des F\u00f6rdervereins Gedenkst\u00e4tte KZ- Au\u00dfenlager Herrental <br>(Termin legt die Stadt Kamenz fest)<\/td><td><\/td><\/tr><tr><td class=\"has-text-align-center\" data-align=\"center\">10.04.2024<\/td><td class=\"has-text-align-center\" data-align=\"center\">Tag und Nacht der Toleranz<\/td><td><\/td><\/tr><tr><td class=\"has-text-align-center\" data-align=\"center\">31.03.2024<\/td><td class=\"has-text-align-center\" data-align=\"center\">Osterspaziergang zum Ostermontag in Kamenz<\/td><td><\/td><\/tr><tr><td class=\"has-text-align-center\" data-align=\"center\">21.03.2024<\/td><td class=\"has-text-align-center\" data-align=\"center\">Welttag gegenRassismus (UNO Resolution 2142 von 1966)<\/td><td><\/td><\/tr><tr><td class=\"has-text-align-center\" data-align=\"center\">08.03.2024<\/td><td class=\"has-text-align-center\" data-align=\"center\">Frauentag<\/td><td><\/td><\/tr><tr><td class=\"has-text-align-center\" data-align=\"center\">8.02.-9.02.2024 <br>10:00-12:00 Uhr<\/td><td class=\"has-text-align-center\" data-align=\"center\">Filmveranstaltung f\u00fcr die Klassen 6 und 7<\/td><td><a href=\"https:\/\/www.kufa-hoyerswerda.de\/burgerzentrum-braugasse-1.html\" data-type=\"link\" data-id=\"https:\/\/www.kufa-hoyerswerda.de\/burgerzentrum-braugasse-1.html\"><strong>B\u00fcrgerzentrum Braugasse 1<\/strong><\/a><\/td><\/tr><tr><td class=\"has-text-align-center\" data-align=\"center\">08.02.2024 <br>9:30-12:30 Uhr<br>13:00 Uhr<\/td><td class=\"has-text-align-center\" data-align=\"center\">Tag der Zeitzeuginnen und Zeitzeugen<br>Abschlussgespr\u00e4ch<\/td><td>In den Schulen<br><a href=\"https:\/\/www.kufa-hoyerswerda.de\/burgerzentrum-braugasse-1.html\" data-type=\"link\" data-id=\"https:\/\/www.kufa-hoyerswerda.de\/burgerzentrum-braugasse-1.html\" target=\"_blank\" rel=\"noreferrer noopener\"><strong>B\u00fcrgerzentrum Braugasse 1<\/strong><\/a><\/td><\/tr><tr><td class=\"has-text-align-center\" data-align=\"center\">07.02.2024 <br>14:00-17:00 Uhr<\/td><td class=\"has-text-align-center\" data-align=\"center\">Empfang der Zeitzeuginnen und Zeitzeugen<\/td><td><a href=\"https:\/\/www.ossi-hoyerswerda.de\/\" data-type=\"link\" data-id=\"https:\/\/www.ossi-hoyerswerda.de\/\"><strong>Ossi-Hoyerswerda<\/strong><\/a><\/td><\/tr><tr><td class=\"has-text-align-center\" data-align=\"center\">26.01.2024<br>11:00-14:00 Uhr<\/td><td class=\"has-text-align-center\" data-align=\"center\">Buchlesung und Kranzniederlegung zum Gedenken der Opfer des Nationalsozialismus<\/td><td><a href=\"http:\/\/www.kinghaus.de\/\" data-type=\"link\" data-id=\"http:\/\/www.kinghaus.de\/\"><strong>Martin-Luther-King-Haus<\/strong><\/a><br>Ehrenhain Hoyerswerda<\/td><\/tr><tr><td class=\"has-text-align-center\" data-align=\"center\">01.-03.11.2023<\/td><td class=\"has-text-align-center\" data-align=\"center\">Bildungsfahrt zur Mahn-und Gedenkst\u00e4tte ca. 55 Sch\u00fclerinnen und Sch\u00fcler<\/td><td><a href=\"https:\/\/www.ravensbrueck-sbg.de\/\"><strong>Ravensbr\u00fcck<\/strong><\/a><\/td><\/tr><\/tbody><\/table><\/figure>\n\n\n\n<p><\/p>\n\n\n\n<p class=\"has-small-font-size\">Die Termine werden immer bearbeitet und angepasst.<\/p>\n","protected":false},"excerpt":{"rendered":"<p>WannWasWo17.11.2024Volkstrauertag, Gedenken an die Opfer von Kriegen und Diktaturen, Beginn 10:30 UhrEhrenhain Hoyerswerda09.11.2024Gedenken an die Reichsprogromnacht31.08.2024Weltfriedenstag Kamenz Markt Friedenskundgebung\/Friedensfest (organisiert von den Linken, Vereinen und Verb\u00e4nden)08.05.202413:00 UhrGedenken anl\u00e4sslich der Befreiung Europas vom Faschismus 1945 und Ende des 2. WeltkriegesEhrenhain Hoyerswerda08.05.2024Gedenken der Stadt Kamenz bzw. des F\u00f6rdervereins Gedenkst\u00e4tte KZ- Au\u00dfenlager Herrental (Termin legt die Stadt Kamenz &#8230;<\/p>\n","protected":false},"author":179,"featured_media":0,"parent":0,"menu_order":0,"comment_status":"open","ping_status":"open","template":"","meta":{"_acf_changed":false,"footnotes":""},"class_list":["post-120","page","type-page","status-publish","hentry"],"acf":[],"_links":{"self":[{"href":"https:\/\/hoyerswerda.vvn-bda.de\/index.php?rest_route=\/wp\/v2\/pages\/120","targetHints":{"allow":["GET"]}}],"collection":[{"href":"https:\/\/hoyerswerda.vvn-bda.de\/index.php?rest_route=\/wp\/v2\/pages"}],"about":[{"href":"https:\/\/hoyerswerda.vvn-bda.de\/index.php?rest_route=\/wp\/v2\/types\/page"}],"author":[{"embeddable":true,"href":"https:\/\/hoyerswerda.vvn-bda.de\/index.php?rest_route=\/wp\/v2\/users\/179"}],"replies":[{"embeddable":true,"href":"https:\/\/hoyerswerda.vvn-bda.de\/index.php?rest_route=%2Fwp%2Fv2%2Fcomments&post=120"}],"version-history":[{"count":149,"href":"https:\/\/hoyerswerda.vvn-bda.de\/index.php?rest_route=\/wp\/v2\/pages\/120\/revisions"}],"predecessor-version":[{"id":1429,"href":"https:\/\/hoyerswerda.vvn-bda.de\/index.php?rest_route=\/wp\/v2\/pages\/120\/revisions\/1429"}],"wp:attachment":[{"href":"https:\/\/hoyerswerda.vvn-bda.de\/index.php?rest_route=%2Fwp%2Fv2%2Fmedia&parent=120"}],"curies":[{"name":"wp","href":"https:\/\/api.w.org\/{rel}","templated":true}]}}